{"id":82,"date":"2018-11-02T09:56:19","date_gmt":"2018-11-02T09:56:19","guid":{"rendered":"http:\/\/listeo.wpengine.com\/?page_id=16"},"modified":"2025-08-06T17:10:22","modified_gmt":"2025-08-06T17:10:22","slug":"home-1","status":"publish","type":"page","link":"https:\/\/civizio.fr\/","title":{"rendered":"Accueil"},"content":{"rendered":"\t\t<div data-elementor-type=\"wp-page\" data-elementor-id=\"82\" class=\"elementor elementor-82\">\n\t\t\t\t<div class=\"elementor-element elementor-element-fef86d6 e-con-full e-flex e-con e-parent\" data-id=\"fef86d6\" data-element_type=\"container\">\n\t\t\t\t<div class=\"elementor-element elementor-element-9582f8f elementor-widget__width-inherit elementor-widget elementor-widget-listeo-homebanner\" data-id=\"9582f8f\" data-element_type=\"widget\" data-widget_type=\"listeo-homebanner.default\">\n\t\t\t\t<div class=\"elementor-widget-container\">\n\t\t\t\t\t\n\t<div class=\"main-search-container   elementor-main-search-container  container-overlay-solid\">\n\t\t<div class=\"main-search-inner\">\n\n\n\t\t\n\t\t\t<div class=\"container\">\n\t\t\t\t<div class=\"row\">\n\t\t\t\t\t<div class=\"col-md-12\">\n\t\t\t\t\t\t\n\t\t\t\t\t\t<h1>Find Nearby Attractions  <span class=\"typed-words\"><\/span><\/h1>\n\t\t\t\t\t\t<h4>You can edit search forms in Listeo Editor \u2192 Search Forms <\/h4>\t\t\t\t\t\t\n\t\t\t\t\t\t\t\t\t\t\t\t\t\t\t<form action=\"https:\/\/civizio.fr\/?post_type=listing\" id=\"listeo_core-search-form\" class=\"listeo-form-search_on_home_page dynamic   main-search-form ajax-search\" method=\"GET\">\r\n\t\t\t\t\t\t\t<div class=\"main-search-input\">\r\n\t\t\t\t\t\t\t\t\t\t\t<div class=\"main-search-input-item text\">\r\n\t\t\t\t\t\t\t\r\n<div class=\" \">\r\n\t\t<input  autocomplete=\"off\" name=\"keyword_search\" id=\"keyword_search\" class=\"keyword_search\" type=\"text\" placeholder=\"Que recherchez-vous ?\" value=\"\"\/>\r\n<\/div>\t\t\t\t\t\t<\/div>\r\n\t\t\t\t\t\t\t\t\t\t<div class=\"main-search-input-item location\">\r\n\t\t\t\t\t\t\t<div class=\" \">\r\n\t<div id=\"autocomplete-container\">\r\n\t\t<input  autocomplete=\"off\" name=\"location_search\" id=\"location_search\" type=\"text\" placeholder=\"Emplacement\" value=\"\"\/>\r\n\t<\/div>\r\n\t<a href=\"#\"><i title=\"Trouver ma localisation\" class=\"tooltip left fa fa-map-marker\"><\/i><\/a>\r\n\t<span class=\"type-and-hit-enter\">taper et appuyer sur Entr\u00e9e<\/span>\r\n<\/div>\r\n\t\t\t\t\t\t<\/div>\r\n\t\t\t\t\t\t\t\t\t\t<div class=\"main-search-input-item drilldown-taxonomy\">\r\n\t\t\t\t\t\t\t\n<!-- First drilldown menu instance with custom categories -->\n<!-- First drilldown menu instance with custom categories and additional random data -->\n<div class=\" \">\n    <div id=\"listeo-drilldown-tax-listing_category\"  data-label=\"Toutes les cat\u00e9gories\"  data-single-select=\"true\"  data-name=\"tax-listing_category\" class=\"drilldown-menu\" data-categories='[{&quot;label&quot;:&quot;Apartments&quot;,&quot;id&quot;:31,&quot;value&quot;:&quot;apartments&quot;},{&quot;label&quot;:&quot;Eat &amp; Drink&quot;,&quot;id&quot;:21,&quot;value&quot;:&quot;eat-drink&quot;,&quot;children&quot;:[{&quot;label&quot;:&quot;Tout dans Eat &amp; Drink&quot;,&quot;value&quot;:&quot;eat-drink&quot;,&quot;id&quot;:21},{&quot;label&quot;:&quot;Bars&quot;,&quot;value&quot;:&quot;bars&quot;,&quot;id&quot;:39,&quot;children&quot;:[{&quot;label&quot;:&quot;Tout dans Bars&quot;,&quot;value&quot;:&quot;bars&quot;,&quot;id&quot;:39}]},{&quot;label&quot;:&quot;Restaurants&quot;,&quot;value&quot;:&quot;restaurants&quot;,&quot;id&quot;:43,&quot;children&quot;:[{&quot;label&quot;:&quot;Tout dans Restaurants&quot;,&quot;value&quot;:&quot;restaurants&quot;,&quot;id&quot;:43}]}]},{&quot;label&quot;:&quot;Events&quot;,&quot;id&quot;:36,&quot;value&quot;:&quot;events&quot;,&quot;children&quot;:[{&quot;label&quot;:&quot;Tout dans Events&quot;,&quot;value&quot;:&quot;events&quot;,&quot;id&quot;:36},{&quot;label&quot;:&quot;Concerts&quot;,&quot;value&quot;:&quot;concerts&quot;,&quot;id&quot;:40,&quot;children&quot;:[{&quot;label&quot;:&quot;Tout dans Concerts&quot;,&quot;value&quot;:&quot;concerts&quot;,&quot;id&quot;:40}]},{&quot;label&quot;:&quot;Festivals&quot;,&quot;value&quot;:&quot;festivals&quot;,&quot;id&quot;:41,&quot;children&quot;:[{&quot;label&quot;:&quot;Tout dans Festivals&quot;,&quot;value&quot;:&quot;festivals&quot;,&quot;id&quot;:41}]}]},{&quot;label&quot;:&quot;Fitness&quot;,&quot;id&quot;:42,&quot;value&quot;:&quot;fitness&quot;},{&quot;label&quot;:&quot;Other&quot;,&quot;id&quot;:37,&quot;value&quot;:&quot;other&quot;},{&quot;label&quot;:&quot;Services&quot;,&quot;id&quot;:35,&quot;value&quot;:&quot;services&quot;}]'>\n                        <input type=\"hidden\" class=\" drilldown-values\" name=\"tax-listing_category[]\" value=\"\">\n                    <div class=\" menu-toggle\">\n            <span class=\"menu-label\">Toutes les cat\u00e9gories<\/span>\n            <span class=\"reset-button\" style=\"display:none;\">&times;<\/span>\n        <\/div>\n        <div class=\"menu-panel\">\n            <div class=\"menu-levels\">\n                <!-- Levels will be injected here -->\n            <\/div>\n        <\/div>\n    <\/div>\n<\/div>\t\t\t\t\t\t<\/div>\r\n\t\t\t\t\r\n\t\t\t\t\r\n\t\t\t\t\t\t\t\t\t\t<input type=\"hidden\" name=\"action\" value=\"listeo_get_listings\" \/>\r\n\t\t\t\t<!-- More Search Options \/ End -->\r\n\t\t\t\t\r\n\t\t\t\t\t\t\t\t\t<button class=\"button\">Recherche<\/button>\r\n\t\t\t\t<\/div>\r\n\t\t\t\t\t\t\t\t\t\t\t\t<\/form>\r\n\t\t\t\n\t\t\t\t\t<\/div>\n\t\t\t\t<\/div>\n\n\t\t\t\t\t\t\t\t\t\t\t<div class=\"row\">\n\t\t\t\t\t\t\t\t<div class=\"col-md-12\">\n\t\t\t\t\t\t\t\t\t<h5 class=\"highlighted-categories-headline\">Ou parcourez les cat\u00e9gories mises en avant :<\/h5>\n\t\t\t\t\t\t\t\t\t\n\t\t\t\t\t\t\t\t\t\t  \n\t\t\t\t\t\t\t\t\t<div class=\"highlighted-categories\">\n\t\t\t\t\t\t\t\t\t\t\n\t\t\t\t\t\t\t\t\t\t\t\t\t\t\t\t\t\t\t\t\t\t<!-- Box -->\n\t\t\t\t\t\t\t\t\t\t\t\t<a href=\"https:\/\/civizio.fr\/?listing_category=eat-drink\" class=\"highlighted-category\">\n\t\t\t\t\t\t\t\t\t\t\t\t\t<i class=\"far fa-file-image\"><\/i>\t\t\t\t\t\t\t\t\t\t\t\t\t<h4>Eat &amp; Drink<\/h4>\n\t\t\t\t\t\t\t\t\t\t\t\t<\/a>\t\n\n\t\t\t\t\t\t\t\t\t\t\t\t\t\t\t\t\t\t\t\t\t\t<!-- Box -->\n\t\t\t\t\t\t\t\t\t\t\t\t<a href=\"https:\/\/civizio.fr\/?listing_category=apartments\" class=\"highlighted-category\">\n\t\t\t\t\t\t\t\t\t\t\t\t\t<i class=\"far fa-file-image\"><\/i>\t\t\t\t\t\t\t\t\t\t\t\t\t<h4>Apartments<\/h4>\n\t\t\t\t\t\t\t\t\t\t\t\t<\/a>\t\n\n\t\t\t\t\t\t\t\t\t\t\t\t\t\t\t\t\t\t\t\t\t\t<!-- Box -->\n\t\t\t\t\t\t\t\t\t\t\t\t<a href=\"https:\/\/civizio.fr\/?listing_category=services\" class=\"highlighted-category\">\n\t\t\t\t\t\t\t\t\t\t\t\t\t<i class=\"far fa-file-image\"><\/i>\t\t\t\t\t\t\t\t\t\t\t\t\t<h4>Services<\/h4>\n\t\t\t\t\t\t\t\t\t\t\t\t<\/a>\t\n\n\t\t\t\t\t\t\t\t\t\t\t\t\t\t\t\t\t\t\n\t\t\t\t\t\t\t\t\t<\/div>\n\t\t\t\t\t\t\t\t\t\n\t\t\t\t\t\t\t\t<\/div>\n\t\t\t\t\t\t\t<\/div>\n\t\t\t\t\n\t\t\t\t\n\t\t\t<\/div>\n\t\t\n\t\n\t\t\t\t<\/div>\n\t<\/div>\n\t\t\t\t\t<\/div>\n\t\t\t\t<\/div>\n\t\t\t\t<\/div>\n\t\t\t\t<section class=\"elementor-section elementor-top-section elementor-element elementor-element-a7cd12f elementor-section-boxed elementor-section-height-default elementor-section-height-default\" data-id=\"a7cd12f\" data-element_type=\"section\">\n\t\t\t\t\t\t<div class=\"elementor-container elementor-column-gap-default\">\n\t\t\t\t\t<div class=\"elementor-column elementor-col-100 elementor-top-column elementor-element elementor-element-a7a7f57\" data-id=\"a7a7f57\" data-element_type=\"column\">\n\t\t\t<div class=\"elementor-widget-wrap elementor-element-populated\">\n\t\t\t\t\t\t<div class=\"elementor-element elementor-element-22e66a4 elementor-widget elementor-widget-listeo-headline\" data-id=\"22e66a4\" data-element_type=\"widget\" data-widget_type=\"listeo-headline.default\">\n\t\t\t\t<div class=\"elementor-widget-container\">\n\t\t\t\t\t\t\t<h3 \n\t\tstyle=\"text-align:center;\" class=\"headline  headline-aligned-to-center headline-extra-spacing headline-box \"> Cat\u00e9gories d'incivilit\u00e9s <\/h3>\n\t\t\t\t\t\t<\/div>\n\t\t\t\t<\/div>\n\t\t\t\t<div class=\"elementor-element elementor-element-aa988a5 elementor-widget elementor-widget-listeo-taxonomy-grid\" data-id=\"aa988a5\" data-element_type=\"widget\" data-widget_type=\"listeo-taxonomy-grid.default\">\n\t\t\t\t<div class=\"elementor-widget-container\">\n\t\t\t\t\t\t\t\t\n\t\t\t\t\t<div class=\"categories-boxes-container margin-top-5 margin-bottom-30\">\n\t\t\t\t\t\t\t\t\t\t<!-- Item -->\n\t\t\t\t\t\t\t\t\t\t\t<a href=\"https:\/\/civizio.fr\/?listing_category=apartments\" class=\"category-small-box\">\n\t\t\t\t\t\t\t <i class=\"fa far fa-file-image\"><\/i>\t\t\t\t\t\t\t<h4>Apartments<\/h4>\n\t\t\t\t\t\t\t<span class=\"category-box-counter\">2<\/span> \t\t\t\t\t\t\t\t\t\t\t\t\t<\/a>\n\n\t\t\t\t\t\t\t\t\t\t\t<a href=\"https:\/\/civizio.fr\/?listing_category=eat-drink\" class=\"category-small-box\">\n\t\t\t\t\t\t\t <i class=\"fa far fa-file-image\"><\/i>\t\t\t\t\t\t\t<h4>Eat &amp; Drink<\/h4>\n\t\t\t\t\t\t\t<span class=\"category-box-counter\">4<\/span> \t\t\t\t\t\t\t\t\t\t\t\t\t<\/a>\n\n\t\t\t\t\t\t\t\t\t\t\t<a href=\"https:\/\/civizio.fr\/?listing_category=events\" class=\"category-small-box\">\n\t\t\t\t\t\t\t <i class=\"fa far fa-file-image\"><\/i>\t\t\t\t\t\t\t<h4>Events<\/h4>\n\t\t\t\t\t\t\t<span class=\"category-box-counter\">2<\/span> \t\t\t\t\t\t\t\t\t\t\t\t\t<\/a>\n\n\t\t\t\t\t\t\t\t\t\t\t<a href=\"https:\/\/civizio.fr\/?listing_category=fitness\" class=\"category-small-box\">\n\t\t\t\t\t\t\t <i class=\"fa far fa-file-image\"><\/i>\t\t\t\t\t\t\t<h4>Fitness<\/h4>\n\t\t\t\t\t\t\t<span class=\"category-box-counter\">1<\/span> \t\t\t\t\t\t\t\t\t\t\t\t\t<\/a>\n\n\t\t\t\t\t\t\t\t\t\t\t<a href=\"https:\/\/civizio.fr\/?listing_category=other\" class=\"category-small-box\">\n\t\t\t\t\t\t\t <i class=\"fa far fa-file-image\"><\/i>\t\t\t\t\t\t\t<h4>Other<\/h4>\n\t\t\t\t\t\t\t<span class=\"category-box-counter\">1<\/span> \t\t\t\t\t\t\t\t\t\t\t\t\t<\/a>\n\n\t\t\t\t\t\t\t\t\t\t\t<a href=\"https:\/\/civizio.fr\/?listing_category=services\" class=\"category-small-box\">\n\t\t\t\t\t\t\t <i class=\"fa far fa-file-image\"><\/i>\t\t\t\t\t\t\t<h4>Services<\/h4>\n\t\t\t\t\t\t\t<span class=\"category-box-counter\">3<\/span> \t\t\t\t\t\t\t\t\t\t\t\t\t<\/a>\n\n\t\t\t\t\t\t\t\t\t\n\t\t\t\t\t<\/div>\n\n\n\t\t\t\t\t\t<\/div>\n\t\t\t\t<\/div>\n\t\t\t\t<div class=\"elementor-element elementor-element-d743d1c elementor-widget elementor-widget-listeo-listing-map\" data-id=\"d743d1c\" data-element_type=\"widget\" data-widget_type=\"listeo-listing-map.default\">\n\t\t\t\t<div class=\"elementor-widget-container\">\n\t\t\t\t\t<!-- Location -->\r\n\r\n\t\t\t\t<\/div>\n\t\t\t\t<\/div>\n\t\t\t\t\t<\/div>\n\t\t<\/div>\n\t\t\t\t\t<\/div>\n\t\t<\/section>\n\t\t\t\t<section class=\"elementor-section elementor-top-section elementor-element elementor-element-47e475c elementor-section-full_width elementor-section-stretched elementor-section-height-default elementor-section-height-default\" data-id=\"47e475c\" data-element_type=\"section\" data-settings=\"{&quot;stretch_section&quot;:&quot;section-stretched&quot;}\">\n\t\t\t\t\t\t<div class=\"elementor-container elementor-column-gap-default\">\n\t\t\t\t\t<div class=\"elementor-column elementor-col-100 elementor-top-column elementor-element elementor-element-299f033\" data-id=\"299f033\" data-element_type=\"column\">\n\t\t\t<div class=\"elementor-widget-wrap elementor-element-populated\">\n\t\t\t\t\t\t<div class=\"elementor-element elementor-element-6fe60e0 elementor-widget elementor-widget-listeo-headline\" data-id=\"6fe60e0\" data-element_type=\"widget\" data-widget_type=\"listeo-headline.default\">\n\t\t\t\t<div class=\"elementor-widget-container\">\n\t\t\t\t\t\t\t<h3 \n\t\tstyle=\"text-align:center;\" class=\"headline  headline-aligned-to-center headline-extra-spacing headline-box  headline-with-subtitle \"> What Our Users Say  <span > We collect reviews from our users so you can get an honest opinion of what an experience with our website are really like!<\/span><\/h3>\n\t\t\t\t\t\t<\/div>\n\t\t\t\t<\/div>\n\t\t\t\t\t<\/div>\n\t\t<\/div>\n\t\t\t\t\t<\/div>\n\t\t<\/section>\n\t\t\t\t<section class=\"elementor-section elementor-top-section elementor-element elementor-element-3c55e99 elementor-section-full_width elementor-section-stretched elementor-section-height-default elementor-section-height-default\" data-id=\"3c55e99\" data-element_type=\"section\" data-settings=\"{&quot;stretch_section&quot;:&quot;section-stretched&quot;,&quot;background_background&quot;:&quot;classic&quot;}\">\n\t\t\t\t\t\t<div class=\"elementor-container elementor-column-gap-default\">\n\t\t\t\t\t<div class=\"elementor-column elementor-col-100 elementor-top-column elementor-element elementor-element-6245318\" data-id=\"6245318\" data-element_type=\"column\">\n\t\t\t<div class=\"elementor-widget-wrap elementor-element-populated\">\n\t\t\t\t\t\t<div class=\"elementor-element elementor-element-a96695e elementor-widget elementor-widget-listeo-headline\" data-id=\"a96695e\" data-element_type=\"widget\" data-widget_type=\"listeo-headline.default\">\n\t\t\t\t<div class=\"elementor-widget-container\">\n\t\t\t\t\t\t\t<h3 \n\t\tstyle=\"text-align:center;\" class=\"headline  headline-aligned-to-center headline-extra-spacing headline-box  headline-with-subtitle \"> Plan The Vacation of Your Dreams  <span > Explore some of the best tips from around the world from our partners and friends. Discover some of the most popular listings!<\/span><\/h3>\n\t\t\t\t\t\t<\/div>\n\t\t\t\t<\/div>\n\t\t\t\t<section class=\"elementor-section elementor-inner-section elementor-element elementor-element-fdcc131 elementor-section-boxed elementor-section-height-default elementor-section-height-default\" data-id=\"fdcc131\" data-element_type=\"section\">\n\t\t\t\t\t\t<div class=\"elementor-container elementor-column-gap-extended\">\n\t\t\t\t\t<div class=\"elementor-column elementor-col-33 elementor-inner-column elementor-element elementor-element-d09d17d\" data-id=\"d09d17d\" data-element_type=\"column\">\n\t\t\t<div class=\"elementor-widget-wrap elementor-element-populated\">\n\t\t\t\t\t\t<div class=\"elementor-element elementor-element-4871a86 elementor-widget elementor-widget-listeo-iconbox\" data-id=\"4871a86\" data-element_type=\"widget\" data-widget_type=\"listeo-iconbox.default\">\n\t\t\t\t<div class=\"elementor-widget-container\">\n\t\t\t\t\t\n\t\t\t<div class=\"icon-box-2 \">\n\t\t\t\t<i aria-hidden=\"true\" class=\"far fa-map\"><\/i>\t\t\t\t<h3>Find Interesting Place<\/h3>\n\t\t\t\t<p>You can search for areas of interest, local events, trendy restaurants or just things to do.<\/p>\n\t\t\t<\/div>\n\n\t\t\t\t\t\t\t<\/div>\n\t\t\t\t<\/div>\n\t\t\t\t\t<\/div>\n\t\t<\/div>\n\t\t\t\t<div class=\"elementor-column elementor-col-33 elementor-inner-column elementor-element elementor-element-3968473\" data-id=\"3968473\" data-element_type=\"column\">\n\t\t\t<div class=\"elementor-widget-wrap elementor-element-populated\">\n\t\t\t\t\t\t<div class=\"elementor-element elementor-element-ae83da1 elementor-widget elementor-widget-listeo-iconbox\" data-id=\"ae83da1\" data-element_type=\"widget\" data-widget_type=\"listeo-iconbox.default\">\n\t\t\t\t<div class=\"elementor-widget-container\">\n\t\t\t\t\t\n\t\t\t<div class=\"icon-box-2 \">\n\t\t\t\t<i aria-hidden=\"true\" class=\"fas fa-users\"><\/i>\t\t\t\t<h3>Check Reviews<\/h3>\n\t\t\t\t<p>Determine the quality of goods and services from local shops and choose the best place.<\/p>\n\t\t\t<\/div>\n\n\t\t\t\t\t\t\t<\/div>\n\t\t\t\t<\/div>\n\t\t\t\t\t<\/div>\n\t\t<\/div>\n\t\t\t\t<div class=\"elementor-column elementor-col-33 elementor-inner-column elementor-element elementor-element-74d66ab\" data-id=\"74d66ab\" data-element_type=\"column\">\n\t\t\t<div class=\"elementor-widget-wrap elementor-element-populated\">\n\t\t\t\t\t\t<div class=\"elementor-element elementor-element-f1c5ca7 elementor-widget elementor-widget-listeo-iconbox\" data-id=\"f1c5ca7\" data-element_type=\"widget\" data-widget_type=\"listeo-iconbox.default\">\n\t\t\t\t<div class=\"elementor-widget-container\">\n\t\t\t\t\t\n\t\t\t<div class=\"icon-box-2 \">\n\t\t\t\t<i aria-hidden=\"true\" class=\"far fa-address-book\"><\/i>\t\t\t\t<h3>Make a Reservation<\/h3>\n\t\t\t\t<p>Contact listing owner and reserve a table online for lunch or dinner or rent an apartment.<\/p>\n\t\t\t<\/div>\n\n\t\t\t\t\t\t\t<\/div>\n\t\t\t\t<\/div>\n\t\t\t\t\t<\/div>\n\t\t<\/div>\n\t\t\t\t\t<\/div>\n\t\t<\/section>\n\t\t\t\t\t<\/div>\n\t\t<\/div>\n\t\t\t\t\t<\/div>\n\t\t<\/section>\n\t\t\t\t<section class=\"elementor-section elementor-top-section elementor-element elementor-element-53b5761 elementor-section-boxed elementor-section-height-default elementor-section-height-default\" data-id=\"53b5761\" data-element_type=\"section\">\n\t\t\t\t\t\t<div class=\"elementor-container elementor-column-gap-default\">\n\t\t\t\t\t<div class=\"elementor-column elementor-col-100 elementor-top-column elementor-element elementor-element-70a85e8\" data-id=\"70a85e8\" data-element_type=\"column\">\n\t\t\t<div class=\"elementor-widget-wrap elementor-element-populated\">\n\t\t\t\t\t\t<div class=\"elementor-element elementor-element-f1eacbc elementor-widget elementor-widget-listeo-headline\" data-id=\"f1eacbc\" data-element_type=\"widget\" data-widget_type=\"listeo-headline.default\">\n\t\t\t\t<div class=\"elementor-widget-container\">\n\t\t\t\t\t\t\t<h3 \n\t\tstyle=\"text-align:center;\" class=\"headline  headline-aligned-to-center headline-extra-spacing headline-box \"> From The Blog <\/h3>\n\t\t\t\t\t\t<\/div>\n\t\t\t\t<\/div>\n\t\t\t\t\t<\/div>\n\t\t<\/div>\n\t\t\t\t\t<\/div>\n\t\t<\/section>\n\t\t\t\t<section class=\"elementor-section elementor-top-section elementor-element elementor-element-5fc073b elementor-section-boxed elementor-section-height-default elementor-section-height-default\" data-id=\"5fc073b\" data-element_type=\"section\">\n\t\t\t\t\t\t<div class=\"elementor-container elementor-column-gap-default\">\n\t\t\t\t\t<div class=\"elementor-column elementor-col-100 elementor-top-column elementor-element elementor-element-76e9a3b\" data-id=\"76e9a3b\" data-element_type=\"column\">\n\t\t\t<div class=\"elementor-widget-wrap elementor-element-populated\">\n\t\t\t\t\t\t<div class=\"elementor-element elementor-element-bd407b2 elementor-widget elementor-widget-listeo-posts-grid\" data-id=\"bd407b2\" data-element_type=\"widget\" data-widget_type=\"listeo-posts-grid.default\">\n\t\t\t\t<div class=\"elementor-widget-container\">\n\t\t\t\t\t\t\t\n\t\t<div class=\"listeo-post-grid-wrapper\">\n\t\t\t<div class=\"row\">\n\n\t\t\t\n\n\t\t\t\t\t\t\t<div class=\"col-md-4\">\n                <a href=\"https:\/\/civizio.fr\/?p=1\" class=\"blog-compact-item-container\">\n                    <div class=\"blog-compact-item\">\n                        <span class=\"blog-item-tag\">Uncategorized<\/span>                        \n                        <div class=\"blog-compact-item-content\">\n                                                        <ul class=\"blog-post-tags\">\n                                <li>\n                                \t<time class=\"entry-date published updated\" datetime=\"2025-08-06T15:27:39+00:00\">ao\u00fbt 6, 2025<\/time>                    \t\t\t\t\n                    \t\t\t<\/li>\n                            <\/ul>\n                        \t                            <h3>Hello world!<\/h3>\n                                                        <p>Welcome to WordPress. This is your first post. Edit or delete it, then start writing!...                            <\/p>\n                                                    <\/div>\n                    <\/div>\n                <\/a>\n            <\/div>\n\t\t\t<div class=\"col-md-4\">\n                <a href=\"https:\/\/civizio.fr\/?p=29\" class=\"blog-compact-item-container\">\n                    <div class=\"blog-compact-item\">\n                        <span class=\"blog-item-tag\">Tips<\/span>                        \n                        <div class=\"blog-compact-item-content\">\n                                                        <ul class=\"blog-post-tags\">\n                                <li>\n                                \t<time class=\"entry-date published updated\" datetime=\"2019-02-01T00:55:49+00:00\">f\u00e9vrier 1, 2019<\/time>                    \t\t\t\t\n                    \t\t\t<\/li>\n                            <\/ul>\n                        \t                            <h3>Experience In The Spotlight<\/h3>\n                                                        <p>Nam nisl lacus, dignissim ac tristique ut, scelerisque eu massa. Vestibulum ligula nunc, rutrum in...                            <\/p>\n                                                    <\/div>\n                    <\/div>\n                <\/a>\n            <\/div>\n\t\t\t<div class=\"col-md-4\">\n                <a href=\"https:\/\/civizio.fr\/?p=30\" class=\"blog-compact-item-container\">\n                    <div class=\"blog-compact-item\">\n                        <span class=\"blog-item-tag\">Room Design<\/span>                        \n                        <div class=\"blog-compact-item-content\">\n                                                        <ul class=\"blog-post-tags\">\n                                <li>\n                                \t<time class=\"entry-date published updated\" datetime=\"2019-01-22T00:43:11+00:00\">janvier 22, 2019<\/time>                    \t\t\t\t\n                    \t\t\t<\/li>\n                            <\/ul>\n                        \t                            <h3>7 Big Ideas For Small Places<\/h3>\n                                                        <p>Nam nisl lacus, dignissim ac tristique ut, scelerisque eu massa. Vestibulum ligula nunc, rutrum in...                            <\/p>\n                                                    <\/div>\n                    <\/div>\n                <\/a>\n            <\/div>\n  <\/div>\n        <\/div>\n                <div class=\"col-md-12 centered-content\">\n                <a href=\"https:\/\/civizio.fr\/?p=30\" class=\"button border margin-top-10\">Voir le blog<\/a>\n            <\/div>\n        \t\t\t\t<\/div>\n\t\t\t\t<\/div>\n\t\t\t\t\t<\/div>\n\t\t<\/div>\n\t\t\t\t\t<\/div>\n\t\t<\/section>\n\t\t\t\t<\/div>\n\t\t","protected":false},"excerpt":{"rendered":"<p>Find Nearby Attractions You can edit search forms in Listeo Editor \u2192 Search Forms taper et appuyer sur Entr\u00e9e Toutes les cat\u00e9gories &times; Recherche Ou parcourez les cat\u00e9gories mises en avant : Eat &amp; Drink Apartments Services Cat\u00e9gories d&rsquo;incivilit\u00e9s Apartments 2 Eat &amp; Drink 4 Events 2 Fitness 1 Other 1 Services 3 What Our [&hellip;]<\/p>\n","protected":false},"author":1,"featured_media":0,"parent":0,"menu_order":0,"comment_status":"closed","ping_status":"closed","template":"","meta":{"footnotes":""},"class_list":["post-82","page","type-page","status-publish","hentry"],"_links":{"self":[{"href":"https:\/\/civizio.fr\/index.php?rest_route=\/wp\/v2\/pages\/82","targetHints":{"allow":["GET"]}}],"collection":[{"href":"https:\/\/civizio.fr\/index.php?rest_route=\/wp\/v2\/pages"}],"about":[{"href":"https:\/\/civizio.fr\/index.php?rest_route=\/wp\/v2\/types\/page"}],"author":[{"embeddable":true,"href":"https:\/\/civizio.fr\/index.php?rest_route=\/wp\/v2\/users\/1"}],"replies":[{"embeddable":true,"href":"https:\/\/civizio.fr\/index.php?rest_route=%2Fwp%2Fv2%2Fcomments&post=82"}],"version-history":[{"count":8,"href":"https:\/\/civizio.fr\/index.php?rest_route=\/wp\/v2\/pages\/82\/revisions"}],"predecessor-version":[{"id":237,"href":"https:\/\/civizio.fr\/index.php?rest_route=\/wp\/v2\/pages\/82\/revisions\/237"}],"wp:attachment":[{"href":"https:\/\/civizio.fr\/index.php?rest_route=%2Fwp%2Fv2%2Fmedia&parent=82"}],"curies":[{"name":"wp","href":"https:\/\/api.w.org\/{rel}","templated":true}]}}