{"id":80,"date":"2018-11-02T10:41:38","date_gmt":"2018-11-02T10:41:38","guid":{"rendered":"http:\/\/listeo.wpengine.com\/?page_id=40"},"modified":"2018-11-02T10:41:38","modified_gmt":"2018-11-02T10:41:38","slug":"bookings","status":"publish","type":"page","link":"https:\/\/civizio.fr\/?page_id=80","title":{"rendered":"Bookings"},"content":{"rendered":"<div class=\"row\">\n\t<!-- Listings -->\n\t<div class=\"col-lg-12 col-md-12\">\n\t\t<div class=\"dashboard-list-box  margin-top-0\">\n\t\t\t<div class=\"headline-with-filters list-view\">\n\n\n\t\t\t\t<!-- Booking Requests Filters  -->\n\t\t\t\t<div class=\"booking-requests-filter\">\n\t\t\t\t\t\t\t\t\t\t\t<input type=\"hidden\" id=\"dashboard_type\" name=\"dashboard_type\" value=\"owner\">\n\t\t\t\t\t\t<!-- <input type=\"text\" name=\"booking_author\" id=\"dashboard-booking-author-search\"> -->\n\t\t\t\t\t\t<div class=\"sort-by-booking-author\">\n\t\t\t\t\t\t\t<div class=\"sort-by-select\">\n\t\t\t\t\t\t\t\t<select data-placeholder=\"Tous les utilisateurs\" class=\"select2-bookings-author\" id=\"booking_author\">\n\t\t\t\t\t\t\t\t\t<option value=\"show_all\">Tous les utilisateurs<\/option>\n\t\t\t\t\t\t\t\t\t\t\t\t\t\t\t\t\t<\/select>\n\t\t\t\t\t\t\t<\/div>\n\t\t\t\t\t\t<\/div>\n\t\t\t\t\t\t\t\t\t\t\t\t\t\t\t\t<!-- Sort by -->\n\t\t\t\t\t\t<div class=\"sort-by-status\">\n\t\t\t\t\t\t\t<div class=\"sort-by-select\">\n\t\t\t\t\t\t\t\t<select data-placeholder=\"Ordre par d\u00e9faut\" class=\"select2-bookings-status\" id=\"listing_status\">\n\t\t\t\t\t\t\t\t\t<option value=\"approved\">Tous les statuts<\/option>\n\t\t\t\t\t\t\t\t\t<option value=\"confirmed\">Non pay\u00e9<\/option>\n\t\t\t\t\t\t\t\t\t<option value=\"paid\">Pay\u00e9<\/option>\n\t\t\t\t\t\t\t\t<\/select>\n\t\t\t\t\t\t\t<\/div>\n\t\t\t\t\t\t<\/div>\n\t\t\t\t\t\n\t\t\t\t\t\t\t\t\t\t\t<input type=\"hidden\" id=\"listing_status\" value=\"approved\">\n\t\t\t\t\t\t\t\t\t\t\t\t\t\t\t\t<!-- Sort by -->\n\t\t\t\t\t\t<div class=\"sort-by\">\n\t\t\t\t\t\t\t<div class=\"sort-by-select\">\n\t\t\t\t\t\t\t\t<select data-placeholder=\"Default order\" class=\"select2-bookings\" id=\"listing_id\">\n\t\t\t\t\t\t\t\t\t<option value=\"show_all\">Toutes les annonces<\/option>\n\t\t\t\t\t\t\t\t\t\t\t\t\t\t\t\t\t\t\t<option value=\"83\">iPhone 12 Pro \u2013 Mint Condition<\/option>\n\t\t\t\t\t\t\t\t\t\t\t\t\t\t\t\t\t\t\t<option value=\"85\">Burger House<\/option>\n\t\t\t\t\t\t\t\t\t\t\t\t\t\t\t\t\t\t\t<option value=\"87\">Sunny Apartment<\/option>\n\t\t\t\t\t\t\t\t\t\t\t\t\t\t\t\t\t\t\t<option value=\"89\">George\u2019s Barber Shop<\/option>\n\t\t\t\t\t\t\t\t\t\t\t\t\t\t\t\t\t\t\t<option value=\"91\">Sticky Band<\/option>\n\t\t\t\t\t\t\t\t\t\t\t\t\t\t\t\t\t\t\t<option value=\"93\">Joe&rsquo;s Photography<\/option>\n\t\t\t\t\t\t\t\t\t\t\t\t\t\t\t\t\t\t\t<option value=\"95\">Tom&rsquo;s Restaurant<\/option>\n\t\t\t\t\t\t\t\t\t\t\t\t\t\t\t\t\t\t\t<option value=\"97\">Florist&rsquo;s Shop<\/option>\n\t\t\t\t\t\t\t\t\t\t\t\t\t\t\t\t\t\t\t<option value=\"99\">Think Coffe<\/option>\n\t\t\t\t\t\t\t\t\t\t\t\t\t\t\t\t\t\t\t<option value=\"101\">Airport<\/option>\n\t\t\t\t\t\t\t\t\t\t\t\t\t\t\t\t\t\t\t<option value=\"103\">Private Bedroom in Manhattan<\/option>\n\t\t\t\t\t\t\t\t\t\t\t\t\t\t\t\t\t\t\t<option value=\"105\">Fitness Center<\/option>\n\t\t\t\t\t\t\t\t\t\t\t\t\t\t\t\t\t<\/select>\n\t\t\t\t\t\t\t<\/div>\n\t\t\t\t\t\t<\/div>\n\t\t\t\t\t\n\n\t\t\t\t\t<!-- Date Range -->\n\t\t\t\t\t<div id=\"booking-date-range-enabler\">\n\t\t\t\t\t\t<span>Choisissez une date<\/span>\n\t\t\t\t\t<\/div>\n\n\t\t\t\t\t<div id=\"booking-date-range\" style=\"display: none;\">\n\t\t\t\t\t\t<span><\/span>\n\t\t\t\t\t<\/div>\n\n\n\t\t\t\t<\/div>\n\n\t\t\t\t<!-- Reply to review popup -->\n\n\n\t\t\t\t<h4>Demandes de r\u00e9servation <i class=\"fa fa-circle-o-notch fa-spin booking-loading-icon\"><\/i> <\/h4>\n\t\t\t<\/div>\n\n\t\t\t<ul id=\"no-bookings-information\" style=\"display: none\">\n\t\t\t\tNous n&#039;avons trouv\u00e9 aucune r\u00e9servation pour ces crit\u00e8res\t\t\t<\/ul>\n\t\t\t\t\t\t\t<ul id=\"no-bookings-information\">\n\t\t\t\t\tVous n&#039;avez pas encore de r\u00e9servations\t\t\t\t<\/ul>\n\t\t\t\n\t\t<\/div>\n\t\t<div class=\"pagination-container \">\n\t\t\t\t\t<\/div>\n\t\t<div id=\"small-dialog\" class=\"zoom-anim-dialog mfp-hide\">\n\t\t\t<div class=\"small-dialog-header\">\n\t\t\t\t<h3>Envoyer un message<\/h3>\n\t\t\t<\/div>\n\t\t\t<div class=\"message-reply margin-top-0\">\n\t\t\t\t<form action=\"\" id=\"send-message-from-widget\" data-booking_id=\"\">\n\t\t\t\t\t<textarea data-recipient=\"\" data-referral=\"\" required cols=\"40\" id=\"contact-message\" name=\"message\" rows=\"3\" placeholder=\"Votre message\"><\/textarea>\n\t\t\t\t\t<button class=\"button\">\n\t\t\t\t\t\t<i class=\"fa fa-circle-o-notch fa-spin\" aria-hidden=\"true\"><\/i>Envoyer un message<\/button>\n\t\t\t\t\t<div class=\"notification closeable success margin-top-20\"><\/div>\n\n\t\t\t\t<\/form>\n\n\t\t\t<\/div>\n\t\t<\/div>\n\t\t<a style=\"display:none;\" href=\"#small-dialog\" class=\"send-message-to-owner button popup-with-zoom-anim\"><i class=\"sl sl-icon-envelope-open\"><\/i> Envoyer un message<\/a>\n\t<\/div>\n<\/div>\n","protected":false},"excerpt":{"rendered":"","protected":false},"author":1,"featured_media":0,"parent":0,"menu_order":0,"comment_status":"closed","ping_status":"closed","template":"template-dashboard.php","meta":{"footnotes":""},"class_list":["post-80","page","type-page","status-publish","hentry"],"_links":{"self":[{"href":"https:\/\/civizio.fr\/index.php?rest_route=\/wp\/v2\/pages\/80","targetHints":{"allow":["GET"]}}],"collection":[{"href":"https:\/\/civizio.fr\/index.php?rest_route=\/wp\/v2\/pages"}],"about":[{"href":"https:\/\/civizio.fr\/index.php?rest_route=\/wp\/v2\/types\/page"}],"author":[{"embeddable":true,"href":"https:\/\/civizio.fr\/index.php?rest_route=\/wp\/v2\/users\/1"}],"replies":[{"embeddable":true,"href":"https:\/\/civizio.fr\/index.php?rest_route=%2Fwp%2Fv2%2Fcomments&post=80"}],"version-history":[{"count":0,"href":"https:\/\/civizio.fr\/index.php?rest_route=\/wp\/v2\/pages\/80\/revisions"}],"wp:attachment":[{"href":"https:\/\/civizio.fr\/index.php?rest_route=%2Fwp%2Fv2%2Fmedia&parent=80"}],"curies":[{"name":"wp","href":"https:\/\/api.w.org\/{rel}","templated":true}]}}