{"id":70,"date":"2018-11-02T10:41:38","date_gmt":"2018-11-02T10:41:38","guid":{"rendered":"http:\/\/listeo.wpengine.com\/?page_id=25"},"modified":"2018-11-02T10:41:38","modified_gmt":"2018-11-02T10:41:38","slug":"list-with-sidebar","status":"publish","type":"page","link":"https:\/\/civizio.fr\/?page_id=70","title":{"rendered":"List With Sidebar"},"content":{"rendered":"\r\n\t\t\t<div class=\"row margin-bottom-25\">\r\n\r\n\t\t\t\t\n\t<div class=\"col-md-3 col-xs-6\">\n\t\t<!-- Layout Switcher -->\n\t\t<div class=\"layout-switcher\">\n\t\t\t\t\t\t\t<a href=\"#\" data-layout=\"grid\" class=\"grid\"><i class=\"fa fa-th\"><\/i><\/a>\n\t\t\t\t<a href=\"#\" data-layout=\"list\" class=\"list\"><i class=\"fa fa-align-justify\"><\/i><\/a>\n\t\t\t\t\t<\/div>\n\t<\/div>\n\n\n<!-- Sorting \/ Layout Switcher -->\n\t<div class=\"col-md-9\">\n\t\t\t<div class=\"fullwidth-filters  ajax-search \">\n\n\t\t\t\n\t\t\t\n\t\t\t\t\t\t\t<!-- Sort by -->\n\t\t\t\t<div class=\"sort-by\">\n\t\t\t\t\t<div class=\"sort-by-select\">\n\t\t\t\t\t\t\t\t\t\t\t\t<select form=\"listeo_core-search-form\" name=\"listeo_core_order\" data-placeholder=\"Ordre par d\u00e9faut\" class=\"select2-sortby orderby\">\n\t\t\t\t\t\t\t<option  value=\"default\">Ordre par d\u00e9faut<\/option>\n\t\t\t\t\t\t\t <option  value=\"highest-rated\">Les mieux not\u00e9es<\/option>\t\t\t\t\t\t\t\t\t\t\t\t\t\t<option  value=\"date-desc\">Annonces les plus r\u00e9centes<\/option>\t\t\t\t\t\t\t<option  value=\"date-asc\">Annonces les plus anciennes<\/option>\t\t\t\t\t\t\t<option  value=\"title\">Alphabetiquement<\/option>\t\t\t\t\t\t\t<option  selected='selected' value=\"featured\">En vedette<\/option>\t\t\t\t\t\t\t<option  value=\"views\">Les plus vues<\/option>\t\t\t\t\t\t\t<option  value=\"verified\">V\u00e9rifi\u00e9<\/option>\t\t\t\t\t\t\t<option  value=\"upcoming-event\">\u00c9v\u00e9nement \u00e0 venir<\/option>\t\t\t\t\t\t\t<option  value=\"rand\">Al\u00e9atoirement<\/option>\t\t\t\t\t\t<\/select>\n\t\t\t\t\t<\/div>\n\t\t\t\t<\/div>\n\t\t\t\t<!-- Sort by \/ End -->\n\t\t\t\n\t\t<\/div>\n\t\t<\/div>\t\t\t<\/div>\r\n\t\t<!-- Listings -->\r\n\r\n<div id=\"listeo-listings-container\" \r\ndata-counter=\"12\" \r\ndata-style=\"list\"  \r\ndata-custom_class=\"\" \r\ndata-per_page=\"5\" \r\ndata-grid_columns=\"2\" \r\n data-region=\"\"  data-category=\"\"  data-feature=\"\"  data-rental-category=\"\"  data-service-category=\"\"  data-event-category=\"\" class=\" list-layout row  ajax-search\">\r\n\t<div class=\"loader-ajax-container\" > <div class=\"loader-ajax\"><\/div> <\/div>\r\n<!-- Listing Item -->\r\n\r\n\r\n<div class=\"listing-card-container-nl margin-bottom-30 listing-geo-data\" \r\n\t\tdata-title=\"Burger House\"\r\n\t\tdata-listing-type=\"service\"\r\n\t\tdata-classifieds-price=\"&euro;\"\r\n\t\tdata-friendly-address=\"Jay St, Brooklyn, New York\"\r\n\t\tdata-address=\"Jay St, Brooklyn, New York\"\r\n\t\tdata-image=\"\"\r\n\t\tdata-longitude=\"40.7041895\"\r\n\t\tdata-latitude=\"-73.9867797\"\r\n\t\t\t\tdata-icon=\"&lt;i class=&quot;far fa-file-image&quot;&gt;&lt;\/i&gt;\"\r\n\r\n\t>\r\n\t<div class=\"listing-card-nl\">\r\n\t\t<!-- ===== LEFT: IMAGE SLIDER ===== -->\r\n\t\t<div class=\"listing-image-container-nl\">\r\n\t\t\t<a href=\"https:\/\/civizio.fr\/?listing=burger-house\">\r\n\t\t\t\t<div class=\"slider-wrapper-nl\">\r\n\t\t\t\t\t\t\t\t\t<\/div>\r\n\t\t\t<\/a>\r\n\r\n\t\t\t\t\t\t<div class=\"slider-arrow-nl left-nl\" id=\"prevBtn\"><i class=\"fa-solid fa-chevron-left\"><\/i><\/div>\r\n\t\t\t<div class=\"slider-arrow-nl right-nl\" id=\"nextBtn\"><i class=\"fa-solid fa-chevron-right\"><\/i><\/div>\r\n\t\t\t<div class=\"image-overlay-top-nl\">\r\n\r\n\t\t\t\t<span class=\"listing-category-tag-nl\">Eat &amp; Drink<\/span>\t\t\t\t\r\n\t\t\t\t\t\t\t\t\t\t\t\t<div class=\"favorite-icon-nl\" id=\"favoriteBtn\">\r\n\t\t\t\t\t\t\t\t<span class=\"save fa-regular fa-heart tooltip left\" title=\"Connexion pour marquer des \u00e9l\u00e9ments\"><\/span>\r\n\t\t\t\t\t\t\t<\/div>\r\n\t\t\t\t\t\t\t\t\t\t\t\r\n\r\n\t\t\t\t\t\t\t<\/div>\r\n\t\t<\/div>\r\n\r\n\t\t<!-- ===== RIGHT: LISTING DETAILS (NOW 2-COLUMN) ===== -->\r\n\t\t<a href=\"https:\/\/civizio.fr\/?listing=burger-house\" class=\"listing-details-nl\">\r\n\r\n\t\t\t<!-- Main Content Column (Left) -->\r\n\t\t\t<div class=\"details-main-col-nl\">\r\n\t\t\t\t<div class=\"listing-badges-nl\">\r\n\t\t\t\t\t\t\t\t\t\t<span class=\"badge-nl featured-nl\"><i class=\"fa-solid fa-star\"><\/i> En vedette<\/span>\t\t\t\t<\/div>\r\n\t\t\t\t<h2 class=\"listing-title-nl\">Burger House\t\t\t\t\t<div class=\"listing-title-badges-nl\">\r\n\t\t\t\t\t\t\t\t\t\t\t\t\t<div class=\"verified-icon-nl title-badge-nl\">\r\n\t\t\t\t\t\t\t\t<i class=\"fa fa-check\"><\/i>\r\n\t\t\t\t\t\t\t\t<span class=\"tooltip-nl\">Annonce v\u00e9rifi\u00e9e<\/span>\r\n\t\t\t\t\t\t\t<\/div>\r\n\t\t\t\t\t\t\t\t\t\t\t\t\t\t\t\t\t<\/div>\r\n\t\t\t\t<\/h2>\r\n\t\t\t\t<p class=\"listing-location-nl\">Jay St, Brooklyn, New York<\/p>\r\n\r\n\t\t\t\t\t\t\t<\/div>\r\n\r\n\t\t\t<!-- Sidebar Column (Right) -->\r\n\t\t\t<div class=\"details-sidebar-col-nl\">\r\n\t\t\t\t<div class=\"details-sidebar-upper-nl\">\r\n\r\n\t\t\t\t\t\t\t\t\t<\/div>\r\n\t\t\t\t\t\t\t\t\t<div class=\"listing-booking-nl\">\r\n\t\t\t\t\t\t<p class=\"price-nl\">5,00&euro; - 25,00&euro;<\/p>\r\n\t\t\t\t\t\t\t\t\t\t\t\t\t<span class=\"price-period-nl\">par jour<\/span>\r\n\t\t\t\t\t\t\t\t\t\t\t<\/div>\r\n\t\t\t\t\r\n\r\n\t\t\t<\/div>\r\n\r\n\r\n\t\t<\/a>\r\n\t<\/div>\r\n<\/div>\r\n\r\n\r\n<!-- Listing Item \/ End --><!-- Listing Item -->\r\n\r\n\r\n<div class=\"listing-card-container-nl margin-bottom-30 listing-geo-data\" \r\n\t\tdata-title=\"Sunny Apartment\"\r\n\t\tdata-listing-type=\"rental\"\r\n\t\tdata-classifieds-price=\"&euro;\"\r\n\t\tdata-friendly-address=\"Dorothea Lane, New York\"\r\n\t\tdata-address=\"Dorothea Lane, New York\"\r\n\t\tdata-image=\"\"\r\n\t\tdata-longitude=\"40.6924327\"\r\n\t\tdata-latitude=\"-73.69608779999999\"\r\n\t\t\t\tdata-icon=\"&lt;i class=&quot;far fa-file-image&quot;&gt;&lt;\/i&gt;\"\r\n\r\n\t>\r\n\t<div class=\"listing-card-nl\">\r\n\t\t<!-- ===== LEFT: IMAGE SLIDER ===== -->\r\n\t\t<div class=\"listing-image-container-nl\">\r\n\t\t\t<a href=\"https:\/\/civizio.fr\/?listing=sunny-apartment\">\r\n\t\t\t\t<div class=\"slider-wrapper-nl\">\r\n\t\t\t\t\t\t\t\t\t<\/div>\r\n\t\t\t<\/a>\r\n\r\n\t\t\t\t\t\t<div class=\"slider-arrow-nl left-nl\" id=\"prevBtn\"><i class=\"fa-solid fa-chevron-left\"><\/i><\/div>\r\n\t\t\t<div class=\"slider-arrow-nl right-nl\" id=\"nextBtn\"><i class=\"fa-solid fa-chevron-right\"><\/i><\/div>\r\n\t\t\t<div class=\"image-overlay-top-nl\">\r\n\r\n\t\t\t\t<span class=\"listing-category-tag-nl\">Apartments<\/span>\t\t\t\t\r\n\t\t\t\t\t\t\t\t\t\t\t\t<div class=\"favorite-icon-nl\" id=\"favoriteBtn\">\r\n\t\t\t\t\t\t\t\t<span class=\"save fa-regular fa-heart tooltip left\" title=\"Connexion pour marquer des \u00e9l\u00e9ments\"><\/span>\r\n\t\t\t\t\t\t\t<\/div>\r\n\t\t\t\t\t\t\t\t\t\t\t\r\n\r\n\t\t\t\t\t\t\t<\/div>\r\n\t\t<\/div>\r\n\r\n\t\t<!-- ===== RIGHT: LISTING DETAILS (NOW 2-COLUMN) ===== -->\r\n\t\t<a href=\"https:\/\/civizio.fr\/?listing=sunny-apartment\" class=\"listing-details-nl\">\r\n\r\n\t\t\t<!-- Main Content Column (Left) -->\r\n\t\t\t<div class=\"details-main-col-nl\">\r\n\t\t\t\t<div class=\"listing-badges-nl\">\r\n\t\t\t\t\t\t\t\t\t\t<span class=\"badge-nl featured-nl\"><i class=\"fa-solid fa-star\"><\/i> En vedette<\/span>\t\t\t\t<\/div>\r\n\t\t\t\t<h2 class=\"listing-title-nl\">Sunny Apartment\t\t\t\t\t<div class=\"listing-title-badges-nl\">\r\n\t\t\t\t\t\t\t\t\t\t\t\t\t<div class=\"verified-icon-nl title-badge-nl\">\r\n\t\t\t\t\t\t\t\t<i class=\"fa fa-check\"><\/i>\r\n\t\t\t\t\t\t\t\t<span class=\"tooltip-nl\">Annonce v\u00e9rifi\u00e9e<\/span>\r\n\t\t\t\t\t\t\t<\/div>\r\n\t\t\t\t\t\t\t\t\t\t\t\t\t\t\t\t\t<\/div>\r\n\t\t\t\t<\/h2>\r\n\t\t\t\t<p class=\"listing-location-nl\">Dorothea Lane, New York<\/p>\r\n\r\n\t\t\t\t\t\t<div class=\"listing-features-nl\">\r\n\t\t\t\t\t\t\t\t\t\t\t\t<!-- Area Field Template -->\r\n\t\t\t\t\t\t\t\t\t\t<div class=\"feature-tag-nl\" main-detail-_area\">\r\n\t\t\t\t\t\t<i class=\"fas fa-check\"><\/i>\r\n\t\t\t\t\t\t\t\t\t\t\t\t\tsq_ft\t\t\t\t\t\t\t<span>24<\/span>\r\n\t\t\t\t\t\t\t\t\t\t\t<\/div>\r\n\t\r\n\t\t\t\t\t\t\t\t\t\t\t\t\t\t\t\t<!-- Regular Field Template -->\r\n\t\t\t\t\t<div class=\"feature-tag-nl main-detail-_rooms\">\r\n\t\t\t\t\t\t<i class=\"fas fa-check\"><\/i>\r\n\t\t\t\t\t\t\t\t\t\t\t\t\t\t\t\t\t\t\t\t<span>2<\/span>\r\n\t\t\t\t\t\t\t\t\t\t\t\t<\/div>\r\n\t\t\t\t\t\t\t\t\t\t\t\t\t<\/div>\r\n\t\t\t<\/div>\r\n\r\n\t\t\t<!-- Sidebar Column (Right) -->\r\n\t\t\t<div class=\"details-sidebar-col-nl\">\r\n\t\t\t\t<div class=\"details-sidebar-upper-nl\">\r\n\r\n\t\t\t\t\t\t\t\t\t<\/div>\r\n\t\t\t\t\t\t\t\t\t<div class=\"listing-booking-nl\">\r\n\t\t\t\t\t\t<p class=\"price-nl\">150,00&euro; - 500,00&euro;<\/p>\r\n\t\t\t\t\t\t\t\t\t\t\t\t\t<span class=\"price-period-nl\">par jour<\/span>\r\n\t\t\t\t\t\t\t\t\t\t\t<\/div>\r\n\t\t\t\t\r\n\r\n\t\t\t<\/div>\r\n\r\n\r\n\t\t<\/a>\r\n\t<\/div>\r\n<\/div>\r\n\r\n\r\n<!-- Listing Item \/ End --><!-- Listing Item -->\r\n\r\n\r\n<div class=\"listing-card-container-nl margin-bottom-30 listing-geo-data\" \r\n\t\tdata-title=\"Sticky Band\"\r\n\t\tdata-listing-type=\"event\"\r\n\t\tdata-classifieds-price=\"&euro;\"\r\n\t\tdata-friendly-address=\"West Orange, New York\"\r\n\t\tdata-address=\"West Orange, New York\"\r\n\t\tdata-image=\"\"\r\n\t\tdata-longitude=\"40.7708499\"\r\n\t\tdata-latitude=\"-74.25970469999999\"\r\n\t\t\t\tdata-icon=\"&lt;i class=&quot;far fa-file-image&quot;&gt;&lt;\/i&gt;\"\r\n\r\n\t>\r\n\t<div class=\"listing-card-nl\">\r\n\t\t<!-- ===== LEFT: IMAGE SLIDER ===== -->\r\n\t\t<div class=\"listing-image-container-nl\">\r\n\t\t\t<a href=\"https:\/\/civizio.fr\/?listing=sticky-band\">\r\n\t\t\t\t<div class=\"slider-wrapper-nl\">\r\n\t\t\t\t\t\t\t\t\t<\/div>\r\n\t\t\t<\/a>\r\n\r\n\t\t\t\t\t\t<div class=\"slider-arrow-nl left-nl\" id=\"prevBtn\"><i class=\"fa-solid fa-chevron-left\"><\/i><\/div>\r\n\t\t\t<div class=\"slider-arrow-nl right-nl\" id=\"nextBtn\"><i class=\"fa-solid fa-chevron-right\"><\/i><\/div>\r\n\t\t\t<div class=\"image-overlay-top-nl\">\r\n\r\n\t\t\t\t<span class=\"listing-category-tag-nl\">Events<\/span>\t\t\t\t\r\n\t\t\t\t\t\t\t\t\t\t\t\t<div class=\"favorite-icon-nl\" id=\"favoriteBtn\">\r\n\t\t\t\t\t\t\t\t<span class=\"save fa-regular fa-heart tooltip left\" title=\"Connexion pour marquer des \u00e9l\u00e9ments\"><\/span>\r\n\t\t\t\t\t\t\t<\/div>\r\n\t\t\t\t\t\t\t\t\t\t\t\r\n\r\n\t\t\t\t\t\t\t<\/div>\r\n\t\t<\/div>\r\n\r\n\t\t<!-- ===== RIGHT: LISTING DETAILS (NOW 2-COLUMN) ===== -->\r\n\t\t<a href=\"https:\/\/civizio.fr\/?listing=sticky-band\" class=\"listing-details-nl\">\r\n\r\n\t\t\t<!-- Main Content Column (Left) -->\r\n\t\t\t<div class=\"details-main-col-nl\">\r\n\t\t\t\t<div class=\"listing-badges-nl\">\r\n\t\t\t\t\t\t\t\t\t\t<span class=\"badge-nl featured-nl\"><i class=\"fa-solid fa-star\"><\/i> En vedette<\/span>\t\t\t\t<\/div>\r\n\t\t\t\t<h2 class=\"listing-title-nl\">Sticky Band\t\t\t\t\t<div class=\"listing-title-badges-nl\">\r\n\t\t\t\t\t\t\t\t\t\t\t\t\t\t\t\t\t<\/div>\r\n\t\t\t\t<\/h2>\r\n\t\t\t\t<p class=\"listing-location-nl\">West Orange, New York<\/p>\r\n\r\n\t\t\t\t\t\t<div class=\"listing-features-nl\">\r\n\t\t\t\t\t\t\t\t\t\t\t\t<!-- Regular Field Template -->\r\n\t\t\t\t\t<div class=\"feature-tag-nl main-detail-_event_date\">\r\n\t\t\t\t\t\t<i class=\"fas fa-check\"><\/i>\r\n\t\t\t\t\t\t\t\t\t\t\t\t\t<span>octobre 24, 2030 \u00e0 12:52 am<\/span>\r\n\t\t\t\t\t\t\t\r\n\t\t\t\t\t\t\t\t\t\t\t\t<\/div>\r\n\t\t\t\t\t\t\t\t\t\t\t\t\t<\/div>\r\n\t\t\t<\/div>\r\n\r\n\t\t\t<!-- Sidebar Column (Right) -->\r\n\t\t\t<div class=\"details-sidebar-col-nl\">\r\n\t\t\t\t<div class=\"details-sidebar-upper-nl\">\r\n\r\n\t\t\t\t\t\t\t\t\t<\/div>\r\n\t\t\t\t\t\t\t\t\t<div class=\"listing-booking-nl\">\r\n\t\t\t\t\t\t<p class=\"price-nl\">Commence \u00e0 partir de 20,00&euro;<\/p>\r\n\t\t\t\t\t\t\t\t\t\t\t\t\t<span class=\"price-period-nl\">par billet<\/span>\r\n\t\t\t\t\t\t\t\t\t\t\t<\/div>\r\n\t\t\t\t\r\n\r\n\t\t\t<\/div>\r\n\r\n\r\n\t\t<\/a>\r\n\t<\/div>\r\n<\/div>\r\n\r\n\r\n<!-- Listing Item \/ End --><!-- Listing Item -->\r\n\r\n\r\n<div class=\"listing-card-container-nl margin-bottom-30 listing-geo-data\" \r\n\t\tdata-title=\"iPhone 12 Pro \u2013 Mint Condition\"\r\n\t\tdata-listing-type=\"classifieds\"\r\n\t\tdata-classifieds-price=\"899&euro;\"\r\n\t\tdata-friendly-address=\"\"\r\n\t\tdata-address=\"Ronkonkoma, New York\"\r\n\t\tdata-image=\"https:\/\/civizio.fr\/wp-content\/plugins\/listeo-core\/templates\/images\/listeo_placeholder.png\"\r\n\t\tdata-longitude=\"40.8153761\"\r\n\t\tdata-latitude=\"-73.112333\"\r\n\t\t\t\tdata-icon=\"&lt;i class=&quot;sl sl-icon-location&quot;&gt;&lt;\/i&gt;\"\r\n\r\n\t>\r\n\t<div class=\"listing-card-nl\">\r\n\t\t<!-- ===== LEFT: IMAGE SLIDER ===== -->\r\n\t\t<div class=\"listing-image-container-nl\">\r\n\t\t\t<a href=\"https:\/\/civizio.fr\/?listing=iphone-12-pro-mint-condition\">\r\n\t\t\t\t<div class=\"slider-wrapper-nl\">\r\n\t\t\t\t\t\t\t<img decoding=\"async\" src=\"https:\/\/civizio.fr\/wp-content\/plugins\/listeo-core\/templates\/images\/listeo_placeholder.png\" alt=\"\" class=\"slider-image-nl\">\r\n\t\t\t\t<\/div>\r\n\t\t\t<\/a>\r\n\r\n\t\t\t\t\t\t<div class=\"slider-arrow-nl left-nl\" id=\"prevBtn\"><i class=\"fa-solid fa-chevron-left\"><\/i><\/div>\r\n\t\t\t<div class=\"slider-arrow-nl right-nl\" id=\"nextBtn\"><i class=\"fa-solid fa-chevron-right\"><\/i><\/div>\r\n\t\t\t<div class=\"image-overlay-top-nl\">\r\n\r\n\t\t\t\t\t\t\t\t\r\n\t\t\t\t\t\t\t\t\t\t\t\t<div class=\"favorite-icon-nl\" id=\"favoriteBtn\">\r\n\t\t\t\t\t\t\t\t<span class=\"save fa-regular fa-heart tooltip left\" title=\"Connexion pour marquer des \u00e9l\u00e9ments\"><\/span>\r\n\t\t\t\t\t\t\t<\/div>\r\n\t\t\t\t\t\t\t\t\t\t\t\r\n\r\n\t\t\t\t\t\t\t<\/div>\r\n\t\t<\/div>\r\n\r\n\t\t<!-- ===== RIGHT: LISTING DETAILS (NOW 2-COLUMN) ===== -->\r\n\t\t<a href=\"https:\/\/civizio.fr\/?listing=iphone-12-pro-mint-condition\" class=\"listing-details-nl\">\r\n\r\n\t\t\t<!-- Main Content Column (Left) -->\r\n\t\t\t<div class=\"details-main-col-nl\">\r\n\t\t\t\t<div class=\"listing-badges-nl\">\r\n\t\t\t\t\t\t\t\t\t\t\t\t\t\t<\/div>\r\n\t\t\t\t<h2 class=\"listing-title-nl\">iPhone 12 Pro \u2013 Mint Condition\t\t\t\t\t<div class=\"listing-title-badges-nl\">\r\n\t\t\t\t\t\t\t\t\t\t\t\t\t\t\t\t\t<\/div>\r\n\t\t\t\t<\/h2>\r\n\t\t\t\t<p class=\"listing-location-nl\">Ronkonkoma, New York<\/p>\r\n\r\n\t\t\t\t\t\t<div class=\"listing-features-nl\">\r\n\t\t\t\t\t\t\t\t\t\t\t\t<!-- Regular Field Template -->\r\n\t\t\t\t\t<div class=\"feature-tag-nl main-detail-_classifieds_condition\">\r\n\t\t\t\t\t\t<i class=\"fas fa-check\"><\/i>\r\n\t\t\t\t\t\t\t\t\t\t\t\t\t<span>Neuf<\/span>\r\n\t\t\t\t\t\t\t\r\n\t\t\t\t\t\t\t\t\t\t\t\t<\/div>\r\n\t\t\t\t\t\t\t\t\t\t\t\t\t\t\t\t<!-- Regular Field Template -->\r\n\t\t\t\t\t<div class=\"feature-tag-nl main-detail-_classifieds_price\">\r\n\t\t\t\t\t\t<i class=\"fas fa-check\"><\/i>\r\n\t\t\t\t\t\t\t\t\t\t\t\t\t<span>899<\/span>\r\n\t\t\t\t\t\t\t\r\n\t\t\t\t\t\t\t\t\t\t\t\t<\/div>\r\n\t\t\t\t\t\t\t\t\t\t\t\t\t<\/div>\r\n\t\t\t<\/div>\r\n\r\n\t\t\t<!-- Sidebar Column (Right) -->\r\n\t\t\t<div class=\"details-sidebar-col-nl\">\r\n\t\t\t\t<div class=\"details-sidebar-upper-nl\">\r\n\r\n\t\t\t\t\t\t\t\t\t<\/div>\r\n\t\t\t\t\t\t\t\t\t\t<div class=\"listing-booking-nl\">\r\n\t\t\t\t\t\t\t<p class=\"price-nl\">899.00&euro;<\/p>\r\n\t\t\t\t\t\t<\/div>\r\n\t\t\t\t\t\r\n\r\n\t\t\t<\/div>\r\n\r\n\r\n\t\t<\/a>\r\n\t<\/div>\r\n<\/div>\r\n\r\n\r\n<!-- Listing Item \/ End --><!-- Listing Item -->\r\n\r\n\r\n<div class=\"listing-card-container-nl margin-bottom-30 listing-geo-data\" \r\n\t\tdata-title=\"George\u2019s Barber Shop\"\r\n\t\tdata-listing-type=\"service\"\r\n\t\tdata-classifieds-price=\"&euro;\"\r\n\t\tdata-friendly-address=\"Auburndale, Queens, NY\"\r\n\t\tdata-address=\"Auburndale, Queens, NY\"\r\n\t\tdata-image=\"\"\r\n\t\tdata-longitude=\"40.75411500000001\"\r\n\t\tdata-latitude=\"-73.78602760000001\"\r\n\t\t\t\tdata-icon=\"&lt;i class=&quot;far fa-file-image&quot;&gt;&lt;\/i&gt;\"\r\n\r\n\t>\r\n\t<div class=\"listing-card-nl\">\r\n\t\t<!-- ===== LEFT: IMAGE SLIDER ===== -->\r\n\t\t<div class=\"listing-image-container-nl\">\r\n\t\t\t<a href=\"https:\/\/civizio.fr\/?listing=georges-barber-shop\">\r\n\t\t\t\t<div class=\"slider-wrapper-nl\">\r\n\t\t\t\t\t\t\t\t\t<\/div>\r\n\t\t\t<\/a>\r\n\r\n\t\t\t\t\t\t<div class=\"slider-arrow-nl left-nl\" id=\"prevBtn\"><i class=\"fa-solid fa-chevron-left\"><\/i><\/div>\r\n\t\t\t<div class=\"slider-arrow-nl right-nl\" id=\"nextBtn\"><i class=\"fa-solid fa-chevron-right\"><\/i><\/div>\r\n\t\t\t<div class=\"image-overlay-top-nl\">\r\n\r\n\t\t\t\t<span class=\"listing-category-tag-nl\">Services<\/span>\t\t\t\t\r\n\t\t\t\t\t\t\t\t\t\t\t\t<div class=\"favorite-icon-nl\" id=\"favoriteBtn\">\r\n\t\t\t\t\t\t\t\t<span class=\"save fa-regular fa-heart tooltip left\" title=\"Connexion pour marquer des \u00e9l\u00e9ments\"><\/span>\r\n\t\t\t\t\t\t\t<\/div>\r\n\t\t\t\t\t\t\t\t\t\t\t\r\n\r\n\t\t\t\t\t\t\t<\/div>\r\n\t\t<\/div>\r\n\r\n\t\t<!-- ===== RIGHT: LISTING DETAILS (NOW 2-COLUMN) ===== -->\r\n\t\t<a href=\"https:\/\/civizio.fr\/?listing=georges-barber-shop\" class=\"listing-details-nl\">\r\n\r\n\t\t\t<!-- Main Content Column (Left) -->\r\n\t\t\t<div class=\"details-main-col-nl\">\r\n\t\t\t\t<div class=\"listing-badges-nl\">\r\n\t\t\t\t\t\t\t\t\t\t\t\t\t\t<\/div>\r\n\t\t\t\t<h2 class=\"listing-title-nl\">George\u2019s Barber Shop\t\t\t\t\t<div class=\"listing-title-badges-nl\">\r\n\t\t\t\t\t\t\t\t\t\t\t\t\t<div class=\"verified-icon-nl title-badge-nl\">\r\n\t\t\t\t\t\t\t\t<i class=\"fa fa-check\"><\/i>\r\n\t\t\t\t\t\t\t\t<span class=\"tooltip-nl\">Annonce v\u00e9rifi\u00e9e<\/span>\r\n\t\t\t\t\t\t\t<\/div>\r\n\t\t\t\t\t\t\t\t\t\t\t\t\t\t\t\t\t<\/div>\r\n\t\t\t\t<\/h2>\r\n\t\t\t\t<p class=\"listing-location-nl\">Auburndale, Queens, NY<\/p>\r\n\r\n\t\t\t\t\t\t\t<\/div>\r\n\r\n\t\t\t<!-- Sidebar Column (Right) -->\r\n\t\t\t<div class=\"details-sidebar-col-nl\">\r\n\t\t\t\t<div class=\"details-sidebar-upper-nl\">\r\n\r\n\t\t\t\t\t\t\t\t\t<\/div>\r\n\t\t\t\t\t\t\t\t\t<div class=\"listing-booking-nl\">\r\n\t\t\t\t\t\t<p class=\"price-nl\">Commence \u00e0 partir de 5,00&euro;<\/p>\r\n\t\t\t\t\t\t\t\t\t\t\t\t\t<span class=\"price-period-nl\">par jour<\/span>\r\n\t\t\t\t\t\t\t\t\t\t\t<\/div>\r\n\t\t\t\t\r\n\r\n\t\t\t<\/div>\r\n\r\n\r\n\t\t<\/a>\r\n\t<\/div>\r\n<\/div>\r\n\r\n\r\n<!-- Listing Item \/ End -->\t\t\t<\/div>\r\n\t\t\t<div class=\"pagination-container margin-top-20 margin-bottom-20 ajax-search\">\r\n\t\t\t\t<nav class=\"pagination margin-top-30\"><ul class=\"pagination\"><li class=\"current\" data-paged=\"1\"><a href=\"#\">1 <\/a><\/li><li data-paged=\"2\"><a href=\"#\">2<\/a><\/li><li data-paged=\"3\"><a href=\"#\">3<\/a><\/li><\/ul><\/nav>\t\t\t<\/div>\r\n\t\t\t\n","protected":false},"excerpt":{"rendered":"","protected":false},"author":1,"featured_media":0,"parent":0,"menu_order":0,"comment_status":"closed","ping_status":"closed","template":"","meta":{"footnotes":""},"class_list":["post-70","page","type-page","status-publish","hentry"],"_links":{"self":[{"href":"https:\/\/civizio.fr\/index.php?rest_route=\/wp\/v2\/pages\/70","targetHints":{"allow":["GET"]}}],"collection":[{"href":"https:\/\/civizio.fr\/index.php?rest_route=\/wp\/v2\/pages"}],"about":[{"href":"https:\/\/civizio.fr\/index.php?rest_route=\/wp\/v2\/types\/page"}],"author":[{"embeddable":true,"href":"https:\/\/civizio.fr\/index.php?rest_route=\/wp\/v2\/users\/1"}],"replies":[{"embeddable":true,"href":"https:\/\/civizio.fr\/index.php?rest_route=%2Fwp%2Fv2%2Fcomments&post=70"}],"version-history":[{"count":0,"href":"https:\/\/civizio.fr\/index.php?rest_route=\/wp\/v2\/pages\/70\/revisions"}],"wp:attachment":[{"href":"https:\/\/civizio.fr\/index.php?rest_route=%2Fwp%2Fv2%2Fmedia&parent=70"}],"curies":[{"name":"wp","href":"https:\/\/api.w.org\/{rel}","templated":true}]}}